{"id":1003,"date":"2025-12-10T09:10:46","date_gmt":"2025-12-10T00:10:46","guid":{"rendered":"https:\/\/est.haro-inc.com\/?page_id=1003"},"modified":"2025-12-10T09:11:05","modified_gmt":"2025-12-10T00:11:05","slug":"simulator","status":"publish","type":"page","link":"https:\/\/est.haro-inc.com\/vi\/simulator\/","title":{"rendered":"Tr\u00ecnh m\u00f4 ph\u1ecfng B\u1ea3o hi\u1ec3m X\u00e3 h\u1ed9i &#038; T\u00ednh l\u01b0\u01a1ng t\u1ea1i Vi\u1ec7t Nam"},"content":{"rendered":"\n<div style=\"height:36px\" aria-hidden=\"true\" class=\"wp-block-spacer\"><\/div>\n\n\n\n<p><span class=\"swl-marker mark_orange\"><strong>\u0110\u00e2y l\u00e0 tr\u00ecnh m\u00f4 ph\u1ecfng gi\u00fap t\u1ef1 \u0111\u1ed9ng t\u00ednh c\u00e1c kho\u1ea3n B\u1ea3o hi\u1ec3m X\u00e3 h\u1ed9i (SI), B\u1ea3o hi\u1ec3m Y t\u1ebf (HI) v\u00e0 B\u1ea3o hi\u1ec3m Th\u1ea5t nghi\u1ec7p (UI) cho ng\u01b0\u1eddi lao \u0111\u1ed9ng t\u1ea1i Vi\u1ec7t Nam d\u1ef1a tr\u00ean m\u1ee9c l\u01b0\u01a1ng th\u00e1ng v\u00e0 v\u00f9ng l\u01b0\u01a1ng t\u1ed1i thi\u1ec3u.<\/strong><\/span><br>\nB\u1ea1n c\u00f3 th\u1ec3 ki\u1ec3m tra ngay l\u1eadp t\u1ee9c ph\u1ea7n \u0111\u00f3ng g\u00f3p c\u1ee7a ng\u01b0\u1eddi lao \u0111\u1ed9ng, c\u1ee7a doanh nghi\u1ec7p, c\u0169ng nh\u01b0 t\u1ed5ng chi ph\u00ed nh\u00e2n s\u1ef1 c\u1ee7a c\u00f4ng ty.<br>\nC\u00f4ng c\u1ee5 h\u1ed7 tr\u1ee3 gi\u1edbi h\u1ea1n \u0111\u00f3ng, m\u1ee9c l\u01b0\u01a1ng t\u1ed1i thi\u1ec3u theo v\u00f9ng v\u00e0 \u0111\u01b0\u1ee3c t\u1ed1i \u01b0u \u0111\u1ec3 ph\u00f9 h\u1ee3p v\u1edbi th\u1ef1c t\u1ebf v\u1eadn h\u00e0nh c\u1ee7a b\u1ed9 ph\u1eadn nh\u00e2n s\u1ef1 \u2013 lao \u0111\u1ed9ng trong c\u00e1c doanh nghi\u1ec7p Nh\u1eadt B\u1ea3n t\u1ea1i Vi\u1ec7t Nam.<\/p>\n\n\n    <style>\n      .vn-si-simulator {\n        max-width: 900px;\n        margin: 2rem auto;\n        padding: 1.5rem;\n        border: 1px solid #eee;\n        border-radius: 8px;\n        background: #fafafa;\n        font-size: 14px;\n      }\n      .vn-si-simulator h3 {\n        margin-top: 0;\n        margin-bottom: 1rem;\n      }\n      .vn-si-sim-grid {\n        display: grid;\n        grid-template-columns: 1fr 1fr;\n        gap: 1.5rem;\n      }\n      .vn-si-card {\n        background: #fff;\n        border-radius: 6px;\n        padding: 1rem;\n        border: 1px solid #e5e5e5;\n      }\n      .vn-si-field {\n        margin-bottom: 0.75rem;\n      }\n      .vn-si-field label {\n        display: block;\n        font-weight: 600;\n        margin-bottom: 0.25rem;\n      }\n      .vn-si-field small {\n        display: block;\n        font-size: 11px;\n        color: #777;\n        margin-top: 2px;\n      }\n      .vn-si-field input[type=\"number\"],\n      .vn-si-field select {\n        width: 100%;\n        padding: 0.4rem 0.5rem;\n        border-radius: 4px;\n        border: 1px solid #ccc;\n      }\n      .vn-si-checkboxes label {\n        display: inline-flex;\n        align-items: center;\n        margin-right: 1rem;\n        font-weight: 400;\n      }\n      .vn-si-checkboxes input {\n        margin-right: 0.25rem;\n      }\n      .vn-si-result-table {\n        width: 100%;\n        border-collapse: collapse;\n        font-size: 13px;\n      }\n      .vn-si-result-table th,\n      .vn-si-result-table td {\n        border: 1px solid #ddd;\n        padding: 0.4rem 0.5rem;\n        text-align: right;\n      }\n      .vn-si-result-table th {\n        background: #f5f5f5;\n        text-align: left;\n      }\n      .vn-si-result-table tfoot td {\n        font-weight: 700;\n        background: #f9f9f9;\n      }\n      .vn-si-note {\n        font-size: 12px;\n        color: #666;\n        margin-top: 1rem;\n      }\n      @media (max-width: 768px) {\n        .vn-si-sim-grid {\n          grid-template-columns: 1fr;\n        }\n      }\n    <\/style>\n\n    <script>\n      (function() {\n        \/\/ \u2605 2025\u5e74\u6642\u70b9\u306e\u6cd5\u5b9a\u6599\u7387\uff08\u4e00\u822c\u7684\u306a\u5b9f\u52d9\u89e3\u8aac\u30d9\u30fc\u30b9\uff09\n        const vnSocialInsuranceRates = {\n          vietnamese: {\n            si: { emp: 0.08, erm: 0.175 },\n            hi: { emp: 0.015, erm: 0.03 },\n            ui: { emp: 0.01, erm: 0.01 }\n          },\n          foreigner: {\n            si: { emp: 0.08, erm: 0.175 },\n            hi: { emp: 0.015, erm: 0.03 },\n            ui: { emp: 0.0,  erm: 0.0 }\n          }\n        };\n\n        \/\/ \u5730\u57df\u5225\u6700\u4f4e\u8cc3\u91d1\uff08\u6708\u984d\uff09 2025\u5e74\uff08Decree 74\/2024 \u4ee5\u964d\u3092\u30d9\u30fc\u30b9\uff09\n        const regionalMinWage = {\n          \"1\": 4960000, \/\/ Region I\n          \"2\": 4410000, \/\/ Region II\n          \"3\": 3860000, \/\/ Region III\n          \"4\": 3450000  \/\/ Region IV\n        };\n\n        \/\/ PIT \u63a7\u9664\u984d\uff08\u56fa\u5b9a\u5024\uff09\n        const PIT_PERSONAL_DEDUCTION   = 11000000; \/\/ \u672c\u4eba\u63a7\u9664\n        const PIT_DEPENDENT_DEDUCTION = 4400000;  \/\/ \u6276\u990a\u63a7\u9664\uff081\u4eba\u3042\u305f\u308a\/\u6708\uff09\n\n        \/\/ PIT \u7d2f\u9032\u7a0e\u7387\uff08\u901f\u7b97\u63a7\u9664\u65b9\u5f0f\uff09 \u6708\u984d\u30d9\u30fc\u30b9\n        const pitBrackets = [\n          { upTo:  5000000,  rate: 0.05, quickDeduction:      0     },\n          { upTo: 10000000,  rate: 0.10, quickDeduction:  250000     },\n          { upTo: 18000000,  rate: 0.15, quickDeduction:  750000     },\n          { upTo: 32000000,  rate: 0.20, quickDeduction: 1650000     },\n          { upTo: 52000000,  rate: 0.25, quickDeduction: 3250000     },\n          { upTo: 80000000,  rate: 0.30, quickDeduction: 5850000     },\n          { upTo: null,      rate: 0.35, quickDeduction: 9850000     } \/\/ 80M\u8d85\n        ];\n\n        function formatNumber(n) {\n          if (isNaN(n)) return '0';\n          \/\/ \u30d6\u30e9\u30a6\u30b6\u306e\u30ed\u30b1\u30fc\u30eb\u306b\u4efb\u305b\u308b\n          return Math.round(n).toLocaleString();\n        }\n\n        function calcPIT(taxableIncome) {\n          if (!taxableIncome || taxableIncome <= 0) return 0;\n          for (let i = 0; i < pitBrackets.length; i++) {\n            const b = pitBrackets[i];\n            if (b.upTo === null || taxableIncome <= b.upTo) {\n              return taxableIncome * b.rate - b.quickDeduction;\n            }\n          }\n          return 0;\n        }\n\n        function updateUIMaxBaseByRegion() {\n          const regionSelect = document.getElementById('vn-si-region');\n          const uiMaxInput   = document.getElementById('vn-si-max-base-ui');\n          if (!regionSelect || !uiMaxInput) return;\n\n          const region  = regionSelect.value;\n          const minWage = regionalMinWage[region] || 0;\n\n          if (minWage > 0) {\n            const uiMax = minWage * 20; \/\/ UI\u4e0a\u9650 = \u5730\u57df\u5225\u6700\u4f4e\u8cc3\u91d1 \u00d7 20\n            uiMaxInput.value = uiMax;\n          }\n        }\n\n        function calcVnSI() {\n          const typeEl = document.getElementById('vn-si-employee-type');\n          if (!typeEl) return; \/\/ \u30b7\u30df\u30e5\u30ec\u30fc\u30bf\u30fc\u304c\u306a\u3044\u30da\u30fc\u30b8\u3067\u306f\u4f55\u3082\u3057\u306a\u3044\n\n          const type   = typeEl.value;\n          const gross  = parseFloat(document.getElementById('vn-si-gross').value) || 0;\n          let dependents = parseInt(document.getElementById('vn-si-dependents').value, 10);\n          if (isNaN(dependents) || dependents < 0) dependents = 0;\n\n          const joinSI = document.getElementById('vn-si-join-si').checked;\n          const joinHI = document.getElementById('vn-si-join-hi').checked;\n          const joinUI = document.getElementById('vn-si-join-ui').checked;\n\n          const maxBaseSIHIInput = document.getElementById('vn-si-max-base-sihi').value;\n          const maxBaseUIInput   = document.getElementById('vn-si-max-base-ui').value;\n\n          const maxBaseSIHI = maxBaseSIHIInput ? parseFloat(maxBaseSIHIInput) : null;\n          const maxBaseUI   = maxBaseUIInput ? parseFloat(maxBaseUIInput) : null;\n\n          const rates = vnSocialInsuranceRates[type];\n\n          \/\/ SI\/HI \u7528\u306e\u4fdd\u967a\u6599\u7b97\u5b9a\u30d9\u30fc\u30b9\n          let baseSIHI = gross;\n          if (maxBaseSIHI && maxBaseSIHI > 0) {\n            baseSIHI = Math.min(gross, maxBaseSIHI);\n          }\n\n          \/\/ UI \u7528\u306e\u4fdd\u967a\u6599\u7b97\u5b9a\u30d9\u30fc\u30b9\uff08\u5730\u57df\u5225\u4e0a\u9650\u3092\u53cd\u6620\uff09\n          let baseUI = gross;\n          if (maxBaseUI && maxBaseUI > 0) {\n            baseUI = Math.min(gross, maxBaseUI);\n          }\n\n          \/\/ \u5f93\u696d\u54e1\u8ca0\u62c5\uff08\u4fdd\u967a\uff09\n          const siEmp = joinSI ? baseSIHI * rates.si.emp : 0;\n          const hiEmp = joinHI ? baseSIHI * rates.hi.emp : 0;\n          const uiEmp = joinUI ? baseUI   * rates.ui.emp : 0;\n          const empInsuranceTotal = siEmp + hiEmp + uiEmp;\n\n          \/\/ \u4f1a\u793e\u8ca0\u62c5\n          const siErm = joinSI ? baseSIHI * rates.si.erm : 0;\n          const hiErm = joinHI ? baseSIHI * rates.hi.erm : 0;\n          const uiErm = joinUI ? baseUI   * rates.ui.erm : 0;\n          const ermTotal = siErm + hiErm + uiErm;\n\n          \/\/ \u6240\u5f97\u7a0e\uff08PIT\uff09\u7528\u306e\u8ab2\u7a0e\u6240\u5f97\n          const deductionsForPIT =\n            PIT_PERSONAL_DEDUCTION +\n            PIT_DEPENDENT_DEDUCTION * dependents +\n            empInsuranceTotal; \/\/ \u793e\u4f1a\u4fdd\u967a\u7b49\u306e\u672c\u4eba\u8ca0\u62c5\u3082\u63a7\u9664\u5bfe\u8c61\n\n          const taxableIncomeForPIT = gross - deductionsForPIT;\n          const pit = calcPIT(taxableIncomeForPIT);\n\n          \/\/ \u5f93\u696d\u54e1\u8ca0\u62c5\u5408\u8a08\uff08\u4fdd\u967a\uff0bPIT\uff09\n          const empTotal = empInsuranceTotal + pit;\n\n          \/\/ \u624b\u53d6\u308a & \u4f1a\u793e\u7dcf\u30b3\u30b9\u30c8\n          const net          = gross - empTotal;\n          const companyCost  = gross + ermTotal;\n\n          \/\/ \u753b\u9762\u53cd\u6620\n          const setText = (id, value) => {\n            const el = document.getElementById(id);\n            if (el) el.textContent = formatNumber(value);\n          };\n\n          setText('vn-si-result-gross', gross);\n          setText('vn-si-result-si-emp', siEmp);\n          setText('vn-si-result-hi-emp', hiEmp);\n          setText('vn-si-result-ui-emp', uiEmp);\n          setText('vn-si-result-pit',    pit);\n          setText('vn-si-result-emp-total', empTotal);\n\n          setText('vn-si-result-si-erm', siErm);\n          setText('vn-si-result-hi-erm', hiErm);\n          setText('vn-si-result-ui-erm', uiErm);\n          setText('vn-si-result-erm-total', ermTotal);\n\n          setText('vn-si-result-net', net);\n          setText('vn-si-result-company-cost', companyCost);\n        }\n\n        document.addEventListener('DOMContentLoaded', function() {\n          const btn = document.getElementById('vn-si-calc-btn');\n          if (btn) {\n            btn.addEventListener('click', calcVnSI);\n          }\n\n          const regionSelect = document.getElementById('vn-si-region');\n          if (regionSelect) {\n            regionSelect.addEventListener('change', function() {\n              updateUIMaxBaseByRegion();\n              calcVnSI();\n            });\n          }\n\n          const inputs = document.querySelectorAll('#vn-si-simulator input, #vn-si-simulator select');\n          inputs.forEach(function(el) {\n            el.addEventListener('change', calcVnSI);\n          });\n\n          \/\/ \u521d\u671f\u8868\u793a\n          updateUIMaxBaseByRegion();\n          calcVnSI();\n        });\n      })();\n    <\/script>\n        <div class=\"vn-si-simulator\" id=\"vn-si-simulator\">\n      <h3>Tr\u00ecnh m\u00f4 ph\u1ecfng BHXH & Thu\u1ebf TNCN t\u1ea1i Vi\u1ec7t Nam (b\u1ea3n \u0111\u01a1n gi\u1ea3n)<\/h3>\n      <p style=\"font-size:13px; margin-bottom:1rem;\">\n        Nh\u1eadp l\u01b0\u01a1ng gross h\u00e0ng th\u00e1ng v\u00e0 tr\u1ea1ng th\u00e1i tham gia b\u1ea3o hi\u1ec3m \u0111\u1ec3 \u01b0\u1edbc t\u00ednh b\u1ea3o hi\u1ec3m x\u00e3 h\u1ed9i (BHXH, BHYT, BHTN)<br>\n        v\u00e0 thu\u1ebf thu nh\u1eadp c\u00e1 nh\u00e2n (TNCN). C\u00f4ng c\u1ee5 hi\u1ec3n th\u1ecb ph\u1ea7n \u0111\u00f3ng c\u1ee7a ng\u01b0\u1eddi lao \u0111\u1ed9ng, ng\u01b0\u1eddi s\u1eed d\u1ee5ng lao \u0111\u1ed9ng,<br>\n        thu nh\u1eadp th\u1ef1c l\u0129nh v\u00e0 t\u1ed5ng chi ph\u00ed ti\u1ec1n l\u01b0\u01a1ng c\u1ee7a doanh nghi\u1ec7p.<br>\n        * D\u1ef1a tr\u00ean m\u1ee9c t\u1ef7 l\u1ec7 v\u00e0 m\u1ee9c gi\u1ea3m tr\u1eeb ph\u1ed5 bi\u1ebfn n\u0103m 2025. Tr\u01b0\u1edbc khi \u00e1p d\u1ee5ng th\u1ef1c t\u1ebf, vui l\u00f2ng ki\u1ec3m tra l\u1ea1i theo quy \u0111\u1ecbnh m\u1edbi nh\u1ea5t.\n      <\/p>\n\n      <div class=\"vn-si-sim-grid\">\n        <div class=\"vn-si-card\">\n          <h4>Th\u00f4ng tin \u0111\u1ea7u v\u00e0o<\/h4>\n\n          <div class=\"vn-si-field\">\n            <label for=\"vn-si-employee-type\">\u0110\u1ed1i t\u01b0\u1ee3ng lao \u0111\u1ed9ng<\/label>\n            <select id=\"vn-si-employee-type\">\n              <option value=\"vietnamese\">Ng\u01b0\u1eddi lao \u0111\u1ed9ng Vi\u1ec7t Nam (c\u01b0 tr\u00fa)<\/option>\n              <option value=\"foreigner\">Ng\u01b0\u1eddi lao \u0111\u1ed9ng n\u01b0\u1edbc ngo\u00e0i (c\u01b0 tr\u00fa, k\u00fd H\u0110L\u0110 t\u1ea1i VN)<\/option>\n            <\/select>\n            <small>Vi\u1ec7c t\u00ednh thu\u1ebf TNCN trong c\u00f4ng c\u1ee5 n\u00e0y gi\u1ea3 \u0111\u1ecbnh ng\u01b0\u1eddi lao \u0111\u1ed9ng l\u00e0 c\u00e1 nh\u00e2n c\u01b0 tr\u00fa t\u1ea1i Vi\u1ec7t Nam.<\/small>\n          <\/div>\n\n          <div class=\"vn-si-field\">\n            <label for=\"vn-si-region\">V\u00f9ng l\u01b0\u01a1ng t\u1ed1i thi\u1ec3u (d\u00f9ng cho tr\u1ea7n BHTN)<\/label>\n            <select id=\"vn-si-region\">\n              <option value=\"1\">V\u00f9ng I (H\u00e0 N\u1ed9i, TP.HCM, v.v.)<\/option>\n              <option value=\"2\">V\u00f9ng II<\/option>\n              <option value=\"3\">V\u00f9ng III<\/option>\n              <option value=\"4\">V\u00f9ng IV<\/option>\n            <\/select>\n            <small>Tr\u1ea7n ti\u1ec1n l\u01b0\u01a1ng \u0111\u00f3ng BHTN \u0111\u01b0\u1ee3c \u0111\u1eb7t t\u1ef1 \u0111\u1ed9ng b\u1eb1ng l\u01b0\u01a1ng t\u1ed1i thi\u1ec3u v\u00f9ng \u00d7 20.<\/small>\n          <\/div>\n\n          <div class=\"vn-si-field\">\n            <label for=\"vn-si-gross\">L\u01b0\u01a1ng gross h\u00e0ng th\u00e1ng (VND)<\/label>\n            <input id=\"vn-si-gross\" type=\"number\" min=\"0\" step=\"100000\" value=\"20000000\">\n          <\/div>\n\n          <div class=\"vn-si-field\">\n            <label for=\"vn-si-dependents\">S\u1ed1 ng\u01b0\u1eddi ph\u1ee5 thu\u1ed9c<\/label>\n            <input id=\"vn-si-dependents\" type=\"number\" min=\"0\" step=\"1\" value=\"0\">\n            <small>Thu\u1ebf TNCN \u0111\u01b0\u1ee3c t\u00ednh v\u1edbi gi\u1ea3m tr\u1eeb b\u1ea3n th\u00e2n 11.000.000 VND\/th\u00e1ng v\u00e0 4.400.000 VND\/th\u00e1ng cho m\u1ed7i ng\u01b0\u1eddi ph\u1ee5 thu\u1ed9c.<\/small>\n          <\/div>\n\n          <div class=\"vn-si-field\">\n            <label>Tham gia c\u00e1c lo\u1ea1i b\u1ea3o hi\u1ec3m<\/label>\n            <div class=\"vn-si-checkboxes\">\n              <label><input type=\"checkbox\" id=\"vn-si-join-si\" checked> BHXH (SI)<\/label>\n              <label><input type=\"checkbox\" id=\"vn-si-join-hi\" checked> BHYT (HI)<\/label>\n              <label><input type=\"checkbox\" id=\"vn-si-join-ui\" checked> BHTN (UI)<\/label>\n            <\/div>\n          <\/div>\n\n          <div class=\"vn-si-field\">\n            <label for=\"vn-si-max-base-sihi\">Tr\u1ea7n ti\u1ec1n l\u01b0\u01a1ng t\u00ednh BHXH\/BHYT (VND)<\/label>\n            <input id=\"vn-si-max-base-sihi\" type=\"number\" min=\"0\" step=\"100000\" value=\"46800000\">\n            <small>M\u1eb7c \u0111\u1ecbnh = l\u01b0\u01a1ng c\u01a1 s\u1edf 2.340.000 \u00d7 20. N\u1ebfu \u0111\u1ec3 tr\u1ed1ng ho\u1eb7c 0 th\u00ec kh\u00f4ng \u00e1p d\u1ee5ng tr\u1ea7n.<\/small>\n          <\/div>\n\n          <div class=\"vn-si-field\">\n            <label for=\"vn-si-max-base-ui\">Tr\u1ea7n ti\u1ec1n l\u01b0\u01a1ng t\u00ednh BHTN (VND)<\/label>\n            <input id=\"vn-si-max-base-ui\" type=\"number\" min=\"0\" step=\"100000\">\n            <small>Khi thay \u0111\u1ed5i v\u00f9ng l\u01b0\u01a1ng, gi\u00e1 tr\u1ecb n\u00e0y s\u1ebd t\u1ef1 \u0111\u1ed9ng c\u1eadp nh\u1eadt = l\u01b0\u01a1ng t\u1ed1i thi\u1ec3u v\u00f9ng \u00d7 20. C\u00f3 th\u1ec3 s\u1eeda l\u1ea1i n\u1ebfu c\u1ea7n.<\/small>\n          <\/div>\n\n          <button type=\"button\" id=\"vn-si-calc-btn\">T\u00ednh to\u00e1n<\/button>\n        <\/div>\n\n        <div class=\"vn-si-card\">\n          <h4>K\u1ebft qu\u1ea3<\/h4>\n          <table class=\"vn-si-result-table\">\n            <tbody>\n              <tr>\n                <th>L\u01b0\u01a1ng gross<\/th>\n                <td id=\"vn-si-result-gross\">0<\/td>\n              <\/tr>\n\n              <tr>\n                <th colspan=\"2\">Ph\u1ea7n ng\u01b0\u1eddi lao \u0111\u1ed9ng \u0111\u00f3ng<\/th>\n              <\/tr>\n              <tr>\n                <td>BHXH (ng\u01b0\u1eddi lao \u0111\u1ed9ng)<\/td>\n                <td id=\"vn-si-result-si-emp\">0<\/td>\n              <\/tr>\n              <tr>\n                <td>BHYT (ng\u01b0\u1eddi lao \u0111\u1ed9ng)<\/td>\n                <td id=\"vn-si-result-hi-emp\">0<\/td>\n              <\/tr>\n              <tr>\n                <td>BHTN (ng\u01b0\u1eddi lao \u0111\u1ed9ng)<\/td>\n                <td id=\"vn-si-result-ui-emp\">0<\/td>\n              <\/tr>\n              <tr>\n                <td>Thu\u1ebf thu nh\u1eadp c\u00e1 nh\u00e2n (TNCN)<\/td>\n                <td id=\"vn-si-result-pit\">0<\/td>\n              <\/tr>\n              <tr>\n \u00a0 \u00a0 \u00a0 \u00a0 \u00a0 \u00a0 \u00a0 \u00a0<td><strong>T\u1ed5ng ph\u1ea7n ng\u01b0\u1eddi lao \u0111\u1ed9ng \u0111\u00f3ng<br> (BH + TNCN)<\/strong><\/td>\n                <td id=\"vn-si-result-emp-total\">0<\/td>\n              <\/tr>\n\n              <tr>\n                <th colspan=\"2\">Ph\u1ea7n doanh nghi\u1ec7p \u0111\u00f3ng<\/th>\n              <\/tr>\n              <tr>\n                <td>BHXH (doanh nghi\u1ec7p)<\/td>\n                <td id=\"vn-si-result-si-erm\">0<\/td>\n              <\/tr>\n              <tr>\n                <td>BHYT (doanh nghi\u1ec7p)<\/td>\n                <td id=\"vn-si-result-hi-erm\">0<\/td>\n              <\/tr>\n              <tr>\n                <td>BHTN (doanh nghi\u1ec7p)<\/td>\n                <td id=\"vn-si-result-ui-erm\">0<\/td>\n              <\/tr>\n              <tr>\n                <td><strong>T\u1ed5ng ph\u1ea7n doanh nghi\u1ec7p \u0111\u00f3ng<\/strong><\/td>\n                <td id=\"vn-si-result-erm-total\">0<\/td>\n              <\/tr>\n            <\/tbody>\n            <tfoot>\n              <tr>\n                <td>L\u01b0\u01a1ng th\u1ef1c l\u0129nh (\u01b0\u1edbc t\u00ednh)<\/td>\n                <td id=\"vn-si-result-net\">0<\/td>\n              <\/tr>\n              <tr>\n                <td style=\"color:#ff2e32\">T\u1ed5ng chi ph\u00ed ti\u1ec1n l\u01b0\u01a1ng c\u1ee7a DN<\/td>\n                <td id=\"vn-si-result-company-cost\" style=\"color:#ff2e32\">0<\/td>\n              <\/tr>\n            <\/tfoot>\n          <\/table>\n        <\/div>\n      <\/div>\n\n      <p class=\"vn-si-note\">\n        * C\u00f4ng c\u1ee5 n\u00e0y ch\u1ec9 mang t\u00ednh ch\u1ea5t \u01b0\u1edbc t\u00ednh. Khi t\u00ednh to\u00e1n ch\u00ednh th\u1ee9c v\u1ec1 BHXH, BHYT, BHTN v\u00e0 thu\u1ebf TNCN, c\u1ea7n \u00e1p d\u1ee5ng \u0111\u00fang theo c\u00e1c quy \u0111\u1ecbnh, ngh\u1ecb \u0111\u1ecbnh, th\u00f4ng t\u01b0 m\u1edbi nh\u1ea5t v\u00e0 tham kh\u1ea3o \u00fd ki\u1ebfn chuy\u00ean gia.\n      <\/p>\n    <\/div>\n    \n\n\n\n<h2 class=\"wp-block-heading\">D\u00e0nh cho c\u00e1c doanh nghi\u1ec7p mu\u1ed1n \u1ed5n \u0111\u1ecbnh c\u00f4ng t\u00e1c t\u00ednh l\u01b0\u01a1ng v\u00e0 b\u1ea3o hi\u1ec3m t\u1ea1i chi nh\u00e1nh Vi\u1ec7t Nam<\/h2>\n\n\n\n<p>EST l\u00e0 h\u1ec7 th\u1ed1ng <span class=\"swl-marker mark_orange\"><strong>chuy\u00ean h\u1ed7 tr\u1ee3 t\u00ednh l\u01b0\u01a1ng, b\u1ea3o hi\u1ec3m v\u00e0 qu\u1ea3n l\u00fd ch\u1ea5m c\u00f4ng d\u00e0nh ri\u00eang cho c\u00e1c doanh nghi\u1ec7p t\u1ea1i Vi\u1ec7t Nam<\/strong><\/span>.<br>\nH\u1ec7 th\u1ed1ng \u0111\u00e1p \u1ee9ng t\u1ed1t c\u00e1c quy \u0111\u1ecbnh ph\u1ee9c t\u1ea1p v\u00e0 nh\u1eefng thay \u0111\u1ed5i ph\u00e1p lu\u1eadt th\u01b0\u1eddng xuy\u00ean, \u0111\u1ed3ng th\u1eddi c\u00e2n b\u1eb1ng gi\u1eefa \u0111\u1ed9 ch\u00ednh x\u00e1c v\u00e0 kh\u1ea3 n\u0103ng v\u1eadn h\u00e0nh m\u00e0 c\u00e1c doanh nghi\u1ec7p Nh\u1eadt B\u1ea3n y\u00eau c\u1ea7u.<\/p>\n\n\n\n<div class=\"wp-block-group is-style-big_icon_good\"><div class=\"wp-block-group__inner-container\">\n<ul class=\"wp-block-list\">\n<li>Chu\u1ea9n h\u00f3a quy tr\u00ecnh t\u00ednh to\u00e1n h\u00e0ng th\u00e1ng b\u1eb1ng vi\u1ec7c qu\u1ea3n l\u00fd t\u1eadp trung c\u00e1c quy \u0111\u1ecbnh v\u1ec1 b\u1ea3o hi\u1ec3m (SI\u30fbHI\u30fbUI) v\u00e0 c\u00e1c kho\u1ea3n kh\u1ea5u tr\u1eeb<\/li>\n\n\n\n<li>Qu\u1ea3n l\u00fd ch\u1ea5m c\u00f4ng, b\u1ea3ng l\u01b0\u01a1ng v\u00e0 c\u00e1c lo\u1ea1i ph\u1ee5 c\u1ea5p trong m\u1ed9t h\u1ec7 th\u1ed1ng duy nh\u1ea5t, gi\u1ea3m thi\u1ec3u c\u00f4ng vi\u1ec7c Excel<\/li>\n\n\n\n<li>Linh ho\u1ea1t c\u1eadp nh\u1eadt khi c\u00f3 thay \u0111\u1ed5i v\u1ec1 lu\u1eadt v\u00e0 t\u1ef7 l\u1ec7 \u0111\u00f3ng, gi\u00fap gi\u1ea3m \u0111\u00e1ng k\u1ec3 kh\u1ed1i l\u01b0\u1ee3ng c\u00f4ng vi\u1ec7c c\u1ee7a b\u1ed9 ph\u1eadn nh\u00e2n s\u1ef1<\/li>\n<\/ul>\n<\/div><\/div>\n\n\n\n<p>N\u1ebfu b\u1ea1n mu\u1ed1n v\u1eadn d\u1ee5ng k\u1ebft qu\u1ea3 t\u00ednh to\u00e1n t\u1eeb tr\u00ecnh m\u00f4 ph\u1ecfng v\u00e0o c\u00f4ng vi\u1ec7c th\u1ef1c t\u1ebf h\u00e0ng th\u00e1ng m\u1ed9t c\u00e1ch ch\u00ednh x\u00e1c v\u00e0 hi\u1ec7u qu\u1ea3,<br>\nh\u00e3y li\u00ean h\u1ec7 v\u1edbi ch\u00fang t\u00f4i. EST s\u1ebd \u0111\u1ec1 xu\u1ea5t gi\u1ea3i ph\u00e1p ph\u00f9 h\u1ee3p nh\u1ea5t v\u1edbi quy tr\u00ecnh v\u1eadn h\u00e0nh c\u1ee7a doanh nghi\u1ec7p b\u1ea1n.<\/p>\n\n\n<div class=\"p-blogParts post_content\" data-partsID=\"976\">\n<div class=\"swell-block-fullWide pc-py-60 sp-py-40 has-bg-img alignfull lazyload\" style=\"background-color:rgba(247, 247, 247, 0.41)\" data-bg=\"http:\/\/est.haro-inc.com\/wp-content\/uploads\/2025\/11\/DSC_1122.jpg\"><div class=\"swell-block-fullWide__inner l-article\">\n<div class=\"wp-block-columns\">\n<div class=\"wp-block-column\">\n<figure class=\"wp-block-image size-full\"><img decoding=\"async\" width=\"600\" height=\"400\" src=\"http:\/\/est.haro-inc.com\/wp-content\/uploads\/2025\/11\/cta2.png\" alt=\"\" class=\"wp-image-504\" srcset=\"https:\/\/est.haro-inc.com\/wp-content\/uploads\/2025\/11\/cta2.png 600w, https:\/\/est.haro-inc.com\/wp-content\/uploads\/2025\/11\/cta2-300x200.png 300w\" sizes=\"(max-width: 600px) 100vw, 600px\" \/><\/figure>\n\n\n\n<div class=\"swell-block-button blue_ is-style-btn_normal\"><a href=\"https:\/\/est.haro-inc.com\/vi\/download\/\" class=\"swell-block-button__link\"><span>T\u1ea3i t\u00e0i li\u1ec7u<\/span><\/a><\/div>\n<\/div>\n\n\n\n<div class=\"wp-block-column\">\n<figure class=\"wp-block-image size-full\"><img decoding=\"async\" width=\"600\" height=\"400\" src=\"http:\/\/est.haro-inc.com\/wp-content\/uploads\/2025\/11\/cta1.png\" alt=\"\" class=\"wp-image-505\" srcset=\"https:\/\/est.haro-inc.com\/wp-content\/uploads\/2025\/11\/cta1.png 600w, https:\/\/est.haro-inc.com\/wp-content\/uploads\/2025\/11\/cta1-300x200.png 300w\" sizes=\"(max-width: 600px) 100vw, 600px\" \/><\/figure>\n\n\n\n<div class=\"swell-block-button green_ is-style-btn_normal\"><a href=\"https:\/\/est.haro-inc.com\/vi\/contact\/\" class=\"swell-block-button__link\"><span>Li\u00ean h\u1ec7<\/span><\/a><\/div>\n<\/div>\n<\/div>\n<\/div><\/div>\n<\/div>","protected":false},"excerpt":{"rendered":"<p>\u0110\u00e2y l\u00e0 tr\u00ecnh m\u00f4 ph\u1ecfng gi\u00fap t\u1ef1 \u0111\u1ed9ng t\u00ednh c\u00e1c kho\u1ea3n B\u1ea3o hi\u1ec3m X\u00e3 h\u1ed9i (SI), B\u1ea3o hi\u1ec3m Y t\u1ebf (HI) v\u00e0 B\u1ea3o hi\u1ec3m Th\u1ea5t nghi\u1ec7p (UI) cho ng\u01b0\u1eddi lao \u0111\u1ed9ng t\u1ea1i Vi\u1ec7t Nam d\u1ef1a tr\u00ean m\u1ee9c l\u01b0\u01a1ng th\u00e1ng v\u00e0 v\u00f9ng l\u01b0\u01a1ng t\u1ed1i thi\u1ec3u. B\u1ea1n c\u00f3 th\u1ec3 ki\u1ec3m tra ngay l\u1eadp t\u1ee9c ph\u1ea7n \u0111\u00f3ng g\u00f3p [&hellip;]<\/p>\n","protected":false},"author":1,"featured_media":997,"parent":0,"menu_order":0,"comment_status":"closed","ping_status":"closed","template":"","meta":{"_monsterinsights_skip_tracking":false,"_monsterinsights_sitenote_active":false,"_monsterinsights_sitenote_note":"","_monsterinsights_sitenote_category":0,"swell_btn_cv_data":"","_locale":"vi","_original_post":"https:\/\/est.haro-inc.com\/?page_id=991","footnotes":""},"class_list":["post-1003","page","type-page","status-publish","has-post-thumbnail","hentry","vi"],"aioseo_notices":[],"jetpack_sharing_enabled":true,"_links":{"self":[{"href":"https:\/\/est.haro-inc.com\/wp-json\/wp\/v2\/pages\/1003","targetHints":{"allow":["GET"]}}],"collection":[{"href":"https:\/\/est.haro-inc.com\/wp-json\/wp\/v2\/pages"}],"about":[{"href":"https:\/\/est.haro-inc.com\/wp-json\/wp\/v2\/types\/page"}],"author":[{"embeddable":true,"href":"https:\/\/est.haro-inc.com\/wp-json\/wp\/v2\/users\/1"}],"replies":[{"embeddable":true,"href":"https:\/\/est.haro-inc.com\/wp-json\/wp\/v2\/comments?post=1003"}],"version-history":[{"count":2,"href":"https:\/\/est.haro-inc.com\/wp-json\/wp\/v2\/pages\/1003\/revisions"}],"predecessor-version":[{"id":1005,"href":"https:\/\/est.haro-inc.com\/wp-json\/wp\/v2\/pages\/1003\/revisions\/1005"}],"wp:featuredmedia":[{"embeddable":true,"href":"https:\/\/est.haro-inc.com\/wp-json\/wp\/v2\/media\/997"}],"wp:attachment":[{"href":"https:\/\/est.haro-inc.com\/wp-json\/wp\/v2\/media?parent=1003"}],"curies":[{"name":"wp","href":"https:\/\/api.w.org\/{rel}","templated":true}]}}