{"id":850,"date":"2025-11-29T14:47:39","date_gmt":"2025-11-29T05:47:39","guid":{"rendered":"https:\/\/est.haro-inc.com\/?page_id=850"},"modified":"2025-11-29T14:48:05","modified_gmt":"2025-11-29T05:48:05","slug":"security","status":"publish","type":"page","link":"https:\/\/est.haro-inc.com\/vi\/security\/","title":{"rendered":"Ch\u00ednh s\u00e1ch c\u01a1 b\u1ea3n v\u1ec1 an to\u00e0n th\u00f4ng tin"},"content":{"rendered":"\n<p>C\u00f4ng ty C\u1ed5 ph\u1ea7n HARO (sau \u0111\u00e2y g\u1ecdi l\u00e0 \u201cC\u00f4ng ty ch\u00fang t\u00f4i\u201d) cho r\u1eb1ng \u0111\u1ec3 hi\u1ec7n th\u1ef1c h\u00f3a tri\u1ebft l\u00fd doanh nghi\u1ec7p, vi\u1ec7c t\u1ea1o d\u1ef1ng s\u1ef1 tin t\u01b0\u1edfng c\u1ee7a kh\u00e1ch h\u00e0ng l\u00e0 \u0111i\u1ec1u quan tr\u1ecdng h\u00e0ng \u0111\u1ea7u. Do \u0111\u00f3, ch\u00fang t\u00f4i thi\u1ebft l\u1eadp \u201cCh\u00ednh s\u00e1ch c\u01a1 b\u1ea3n v\u1ec1 an to\u00e0n th\u00f4ng tin\u201d, lu\u00f4n ghi nh\u1edb c\u00e1c m\u1ee5c d\u01b0\u1edbi \u0111\u00e2y, ph\u1ed5 bi\u1ebfn \u0111\u1ea7y \u0111\u1ee7 \u0111\u1ebfn to\u00e0n b\u1ed9 nh\u00e2n vi\u00ean bao g\u1ed3m c\u1ea3 ban l\u00e3nh \u0111\u1ea1o, v\u00e0 n\u1ed7 l\u1ef1c b\u1ea3o v\u1ec7 th\u00edch h\u1ee3p c\u00e1c t\u00e0i s\u1ea3n th\u00f4ng tin theo ch\u00ednh s\u00e1ch n\u00e0y.<\/p>\n\n\n\n<h2 class=\"wp-block-heading\">1. C\u00e1c h\u1ea1ng m\u1ee5c th\u1ef1c hi\u1ec7n<\/h2>\n\n\n\n<ol class=\"wp-block-list\">\n<li>Th\u00f4ng qua vi\u1ec7c b\u1ea3o v\u1ec7 th\u00f4ng tin kh\u00e1ch h\u00e0ng, ch\u00fang t\u00f4i x\u00e2y d\u1ef1ng v\u00e0 c\u1ee7ng c\u1ed1 m\u1ed1i quan h\u1ec7 tin c\u1eady v\u1edbi kh\u00e1ch h\u00e0ng.<\/li>\n<li>Tu\u00e2n th\u1ee7 tri\u1ebft l\u00fd doanh nghi\u1ec7p v\u00e0 ph\u00e1p lu\u1eadt, th\u1ef1c hi\u1ec7n \u0111\u1ea7y \u0111\u1ee7 tr\u00e1ch nhi\u1ec7m x\u00e3 h\u1ed9i c\u1ee7a m\u1ed9t doanh nghi\u1ec7p.<\/li>\n<li>\u00c1p d\u1ee5ng \u0111\u1ea7y \u0111\u1ee7 c\u00e1c bi\u1ec7n ph\u00e1p b\u1ea3o m\u1eadt \u0111\u1ed1i v\u1edbi t\u00e0i s\u1ea3n th\u00f4ng tin \u0111\u01b0\u1ee3c ti\u1ebfp nh\u1eadn t\u1eeb kh\u00e1ch h\u00e0ng trong qu\u00e1 tr\u00ecnh nghi\u1ec7p v\u1ee5, v\u00e0 lu\u00f4n n\u1ed7 l\u1ef1c ph\u00f2ng ng\u1eeba r\u1ee7i ro nh\u01b0 m\u1ea5t m\u00e1t, ph\u00e1 h\u1ee7y, s\u1eeda \u0111\u1ed5i tr\u00e1i ph\u00e9p ho\u1eb7c r\u00f2 r\u1ec9 th\u00f4ng tin.<\/li>\n<li>T\u1ed5 ch\u1ee9c \u0111\u00e0o t\u1ea1o v\u00e0 hu\u1ea5n luy\u1ec7n \u0111\u1ecbnh k\u1ef3 li\u00ean quan \u0111\u1ebfn an to\u00e0n th\u00f4ng tin cho nh\u00e2n vi\u00ean nh\u1eb1m n\u00e2ng cao k\u1ef9 n\u0103ng v\u00e0 c\u1ee7ng c\u1ed1 ho\u1ea1t \u0111\u1ed9ng \u0111\u1ea3m b\u1ea3o an to\u00e0n th\u00f4ng tin.<\/li>\n<li>N\u1ebfu x\u1ea3y ra s\u1ef1 c\u1ed1 ho\u1eb7c vi ph\u1ea1m li\u00ean quan \u0111\u1ebfn an to\u00e0n th\u00f4ng tin, ch\u00fang t\u00f4i s\u1ebd x\u1eed l\u00fd k\u1ecbp th\u1eddi v\u00e0 th\u00edch h\u1ee3p, \u0111\u1ed3ng th\u1eddi n\u1ed7 l\u1ef1c ng\u0103n ng\u1eeba t\u00e1i di\u1ec5n.<\/li>\n<li>Thi\u1ebft l\u1eadp, th\u1ef1c hi\u1ec7n v\u00e0 duy tr\u00ec c\u00e1c m\u1ee5c ti\u00eau li\u00ean quan \u0111\u1ebfn an to\u00e0n th\u00f4ng tin.<\/li>\n<li>Tu\u00e2n th\u1ee7 c\u00e1c y\u00eau c\u1ea7u \u00e1p d\u1ee5ng li\u00ean quan \u0111\u1ebfn an to\u00e0n th\u00f4ng tin.<\/li>\n<li>Li\u00ean t\u1ee5c thu th\u1eadp th\u00f4ng tin m\u1edbi nh\u1ea5t v\u1ec1 m\u1ed1i \u0111e d\u1ecda v\u00e0 c\u00f4ng ngh\u1ec7 li\u00ean quan \u0111\u1ebfn an to\u00e0n th\u00f4ng tin, k\u1ecbp th\u1eddi \u1ee9ng ph\u00f3 v\u1edbi c\u00e1c r\u1ee7i ro m\u1edbi v\u00e0 c\u1ea3i thi\u1ec7n c\u00e1c bi\u1ec7n ph\u00e1p b\u1ea3o m\u1eadt.<\/li>\n<\/ol>\n\n\n\n<h2 class=\"wp-block-heading\">2. Tr\u00e1ch nhi\u1ec7m, ngh\u0129a v\u1ee5 v\u00e0 ch\u1ebf t\u00e0i<\/h2>\n\n\n\n<p>Theo c\u00e1c quy tr\u00ecnh \u0111\u01b0\u1ee3c thi\u1ebft l\u1eadp \u0111\u1ec3 duy tr\u00ec ch\u00ednh s\u00e1ch c\u01a1 b\u1ea3n n\u00e0y, nh\u00e2n vi\u00ean c\u00f3 tr\u00e1ch nhi\u1ec7m b\u00e1o c\u00e1o c\u00e1c s\u1ef1 c\u1ed1 ho\u1eb7c \u0111i\u1ec3m y\u1ebfu li\u00ean quan \u0111\u1ebfn an to\u00e0n th\u00f4ng tin. Nh\u1eefng ng\u01b0\u1eddi th\u1ef1c hi\u1ec7n h\u00e0nh vi l\u00e0m \u1ea3nh h\u01b0\u1edfng \u0111\u1ebfn vi\u1ec7c b\u1ea3o v\u1ec7 t\u00e0i s\u1ea3n th\u00f4ng tin m\u00e0 C\u00f4ng ty x\u1eed l\u00fd s\u1ebd b\u1ecb x\u1eed l\u00fd theo n\u1ed9i quy lao \u0111\u1ed9ng v\u00e0 c\u00e1c quy \u0111\u1ecbnh ph\u00e1p lu\u1eadt hi\u1ec7n h\u00e0nh.<\/p>\n\n\n\n<h2 class=\"wp-block-heading\">3. Xem x\u00e9t \u0111\u1ecbnh k\u1ef3<\/h2>\n\n\n\n<p>H\u1ec7 th\u1ed1ng qu\u1ea3n l\u00fd an to\u00e0n th\u00f4ng tin s\u1ebd \u0111\u01b0\u1ee3c ki\u1ec3m tra v\u00e0 xem x\u00e9t \u0111\u1ecbnh k\u1ef3 v\u1ec1 t\u00ecnh tr\u1ea1ng tu\u00e2n th\u1ee7, \u0111\u1ed3ng th\u1eddi li\u00ean t\u1ee5c c\u1ea3i ti\u1ebfn ph\u00f9 h\u1ee3p v\u1edbi nh\u1eefng thay \u0111\u1ed5i c\u1ee7a x\u00e3 h\u1ed9i v\u00e0 m\u00f4i tr\u01b0\u1eddng n\u1ed9i b\u1ed9.<\/p>\n\n\n\n\n\n\n\n<p class=\"has-text-align-right\">Ban h\u00e0nh n\u0103m 2021 \u30fb C\u1eadp nh\u1eadt ng\u00e0y 10 th\u00e1ng 11 n\u0103m 2024<br>C\u00f4ng ty C\u1ed5 ph\u1ea7n HARO<\/p>\n\n","protected":false},"excerpt":{"rendered":"<p>C\u00f4ng ty C\u1ed5 ph\u1ea7n HARO (sau \u0111\u00e2y g\u1ecdi l\u00e0 \u201cC\u00f4ng ty ch\u00fang t\u00f4i\u201d) cho r\u1eb1ng \u0111\u1ec3 hi\u1ec7n th\u1ef1c h\u00f3a tri\u1ebft l\u00fd doanh nghi\u1ec7p, vi\u1ec7c t\u1ea1o d\u1ef1ng s\u1ef1 tin t\u01b0\u1edfng c\u1ee7a kh\u00e1ch h\u00e0ng l\u00e0 \u0111i\u1ec1u quan tr\u1ecdng h\u00e0ng \u0111\u1ea7u. Do \u0111\u00f3, ch\u00fang t\u00f4i thi\u1ebft l\u1eadp \u201cCh\u00ednh s\u00e1ch c\u01a1 b\u1ea3n v\u1ec1 an to\u00e0n th\u00f4ng tin\u201d, lu\u00f4n ghi [&hellip;]<\/p>\n","protected":false},"author":1,"featured_media":0,"parent":0,"menu_order":0,"comment_status":"closed","ping_status":"closed","template":"","meta":{"_monsterinsights_skip_tracking":false,"_monsterinsights_sitenote_active":false,"_monsterinsights_sitenote_note":"","_monsterinsights_sitenote_category":0,"swell_btn_cv_data":"","_locale":"vi","_original_post":"https:\/\/est.haro-inc.com\/?page_id=78","footnotes":""},"class_list":["post-850","page","type-page","status-publish","hentry","vi"],"aioseo_notices":[],"jetpack_sharing_enabled":true,"_links":{"self":[{"href":"https:\/\/est.haro-inc.com\/wp-json\/wp\/v2\/pages\/850","targetHints":{"allow":["GET"]}}],"collection":[{"href":"https:\/\/est.haro-inc.com\/wp-json\/wp\/v2\/pages"}],"about":[{"href":"https:\/\/est.haro-inc.com\/wp-json\/wp\/v2\/types\/page"}],"author":[{"embeddable":true,"href":"https:\/\/est.haro-inc.com\/wp-json\/wp\/v2\/users\/1"}],"replies":[{"embeddable":true,"href":"https:\/\/est.haro-inc.com\/wp-json\/wp\/v2\/comments?post=850"}],"version-history":[{"count":2,"href":"https:\/\/est.haro-inc.com\/wp-json\/wp\/v2\/pages\/850\/revisions"}],"predecessor-version":[{"id":853,"href":"https:\/\/est.haro-inc.com\/wp-json\/wp\/v2\/pages\/850\/revisions\/853"}],"wp:attachment":[{"href":"https:\/\/est.haro-inc.com\/wp-json\/wp\/v2\/media?parent=850"}],"curies":[{"name":"wp","href":"https:\/\/api.w.org\/{rel}","templated":true}]}}