{"id":885,"date":"2025-12-08T13:04:19","date_gmt":"2025-12-08T04:04:19","guid":{"rendered":"https:\/\/est.haro-inc.com\/?page_id=885"},"modified":"2025-12-08T13:04:20","modified_gmt":"2025-12-08T04:04:20","slug":"demo","status":"publish","type":"page","link":"https:\/\/est.haro-inc.com\/vi\/demo\/","title":{"rendered":"\u0110\u0103ng k\u00fd s\u1eed d\u1ee5ng b\u1ea3n demo"},"content":{"rendered":"<p>[mwform_formkey key=&#8221;878&#8243;]<\/p>\n","protected":false},"excerpt":{"rendered":"","protected":false},"author":1,"featured_media":0,"parent":0,"menu_order":0,"comment_status":"closed","ping_status":"closed","template":"","meta":{"_monsterinsights_skip_tracking":false,"_monsterinsights_sitenote_active":false,"_monsterinsights_sitenote_note":"","_monsterinsights_sitenote_category":0,"swell_btn_cv_data":"","_locale":"vi","_original_post":"https:\/\/est.haro-inc.com\/?page_id=155","footnotes":""},"class_list":["post-885","page","type-page","status-publish","hentry","vi"],"aioseo_notices":[],"jetpack_sharing_enabled":true,"_links":{"self":[{"href":"https:\/\/est.haro-inc.com\/wp-json\/wp\/v2\/pages\/885","targetHints":{"allow":["GET"]}}],"collection":[{"href":"https:\/\/est.haro-inc.com\/wp-json\/wp\/v2\/pages"}],"about":[{"href":"https:\/\/est.haro-inc.com\/wp-json\/wp\/v2\/types\/page"}],"author":[{"embeddable":true,"href":"https:\/\/est.haro-inc.com\/wp-json\/wp\/v2\/users\/1"}],"replies":[{"embeddable":true,"href":"https:\/\/est.haro-inc.com\/wp-json\/wp\/v2\/comments?post=885"}],"version-history":[{"count":1,"href":"https:\/\/est.haro-inc.com\/wp-json\/wp\/v2\/pages\/885\/revisions"}],"predecessor-version":[{"id":886,"href":"https:\/\/est.haro-inc.com\/wp-json\/wp\/v2\/pages\/885\/revisions\/886"}],"wp:attachment":[{"href":"https:\/\/est.haro-inc.com\/wp-json\/wp\/v2\/media?parent=885"}],"curies":[{"name":"wp","href":"https:\/\/api.w.org\/{rel}","templated":true}]}}